{"id":1030,"date":"2016-08-17T13:00:53","date_gmt":"2016-08-17T13:00:53","guid":{"rendered":"http:\/\/new.wtfsales.com.ar\/productos\/?post_type=product&#038;p=1030"},"modified":"2022-02-21T19:21:02","modified_gmt":"2022-02-21T19:21:02","slug":"robbie-mark-sinclair-dinosaurs","status":"publish","type":"product","link":"https:\/\/www.wtfsales.com.ar\/productos\/index.php\/producto\/robbie-mark-sinclair-dinosaurs\/","title":{"rendered":"Robbie Mark Sinclair &#8211; Dinosaurs"},"content":{"rendered":"<p>9 cm x 6 cm<\/p>\n<p>Material de goma<\/p>\n<p>Robbie Mark Sinclair: El mayor de los hijos Sinclair, generalmente cuestiona las antiguas tradiciones de los dinosaurios. Va a la escuela Bob La Brea High School (en honor a quien instaur\u00f3 la tradici\u00f3n de lanzar al pozo a los ancianos), el \u00abHogar de los Violentos Trilobitos\u00bb, y tiene 15 a\u00f1os. Tuvo una relaci\u00f3n amorosa con la hija del Sr. Richfield. Su aspecto no es el de una especie conocida de dinosaurio y es buen estudiante<\/p>\n<p>Dinosaurios es una serie que muestra a una familia. Los miembros de la familia son dinosaurios representados con caracter\u00edsticas humanas, (viven con televisi\u00f3n, electrodom\u00e9sticos, coches, utensilios, etc\u00e9tera y se comportan como humanos), por lo que se le califica como una parodia de nuestra sociedad. La madre es ama de casa, los hijos estudiantes (a excepci\u00f3n del m\u00e1s peque\u00f1o) y el padre trabaja como obrero en un bosque.<\/p>\n<p>&nbsp;<\/p>\n<div>Adem\u00e1s, en algunos cap\u00edtulos se muestran problem\u00e1ticas de la vida real.<\/div>\n","protected":false},"excerpt":{"rendered":"<p>9 cm x 6 cm Material de goma Robbie Mark Sinclair: El mayor de los hijos Sinclair, generalmente cuestiona las antiguas tradiciones de los dinosaurios. Va a la escuela Bob<\/p>\n","protected":false},"featured_media":4034,"comment_status":"open","ping_status":"closed","template":"","meta":[],"product_cat":[417,410],"product_tag":[171,152,150,175],"_links":{"self":[{"href":"https:\/\/www.wtfsales.com.ar\/productos\/index.php\/wp-json\/wp\/v2\/product\/1030"}],"collection":[{"href":"https:\/\/www.wtfsales.com.ar\/productos\/index.php\/wp-json\/wp\/v2\/product"}],"about":[{"href":"https:\/\/www.wtfsales.com.ar\/productos\/index.php\/wp-json\/wp\/v2\/types\/product"}],"replies":[{"embeddable":true,"href":"https:\/\/www.wtfsales.com.ar\/productos\/index.php\/wp-json\/wp\/v2\/comments?post=1030"}],"wp:featuredmedia":[{"embeddable":true,"href":"https:\/\/www.wtfsales.com.ar\/productos\/index.php\/wp-json\/wp\/v2\/media\/4034"}],"wp:attachment":[{"href":"https:\/\/www.wtfsales.com.ar\/productos\/index.php\/wp-json\/wp\/v2\/media?parent=1030"}],"wp:term":[{"taxonomy":"product_cat","embeddable":true,"href":"https:\/\/www.wtfsales.com.ar\/productos\/index.php\/wp-json\/wp\/v2\/product_cat?post=1030"},{"taxonomy":"product_tag","embeddable":true,"href":"https:\/\/www.wtfsales.com.ar\/productos\/index.php\/wp-json\/wp\/v2\/product_tag?post=1030"}],"curies":[{"name":"wp","href":"https:\/\/api.w.org\/{rel}","templated":true}]}}