{"id":1003,"date":"2016-08-17T11:57:17","date_gmt":"2016-08-17T11:57:17","guid":{"rendered":"http:\/\/new.wtfsales.com.ar\/productos\/?post_type=product&#038;p=1003"},"modified":"2022-02-21T19:20:15","modified_gmt":"2022-02-21T19:20:15","slug":"piny-pon-rubio-jardinero-80","status":"publish","type":"product","link":"https:\/\/www.wtfsales.com.ar\/productos\/index.php\/producto\/piny-pon-rubio-jardinero-80\/","title":{"rendered":"Piny Pon Rubio Jardinero 80&#8242;"},"content":{"rendered":"<div>\n<div>La Historia de los Pin y Pon<\/div>\n<div><\/div>\n<div>Los mu\u00f1equitos \u00abPin y Pon\u00bb fueron unos hermanitos con infinidades de colores de cabello y muchos oficios; entre ellos: Granjeros, Fiscales, Vendedores de helado, M\u00fasicos, etc. Estas peque\u00f1as figuritas fueron introducidas en Venezuela a mediados de los 80\u00b4s fabricados por \u00abPin Pon Toys\u00bb bajo licencia de la fabrica de juguetes espa\u00f1ola \u00abFamosa\u00bb; arrasaron con el mercado infantil de ese momento, mas espec\u00ed\u00adficamente en las ni\u00f1as. Pin y Pon conquistaron el coraz\u00f3n hasta de los padres por ser unos mu\u00f1equitos muy tiernos de mirada inocente y pasiva, aunque nadie sabia si estaban contentos o bravos porque no ten\u00edan boca ni cejas! Prefer\u00ed\u00adamos pensar que simplemente estaban de un estado de \u00e1nimo neutro. Actualmente todav\u00ed\u00ada se fabrican pero ya no cuentan con la expresi\u00f3n de tranquilidad que ten\u00edan los de los 80 y que cualquier adulto contempor\u00e1neo conocer\u00eda, ahora tienen expresiones, articulaciones y unos peinados mas alejados de lo b\u00e1sico, as\u00ed\u00ad como escenarios de juegos mas sofisticados.<\/div>\n<\/div>\n<p>&nbsp;<\/p>\n","protected":false},"excerpt":{"rendered":"<p>La Historia de los Pin y Pon Los mu\u00f1equitos \u00abPin y Pon\u00bb fueron unos hermanitos con infinidades de colores de cabello y muchos oficios; entre ellos: Granjeros, Fiscales, Vendedores de<\/p>\n","protected":false},"featured_media":4033,"comment_status":"open","ping_status":"closed","template":"","meta":[],"product_cat":[417,410],"product_tag":[171,169,150],"_links":{"self":[{"href":"https:\/\/www.wtfsales.com.ar\/productos\/index.php\/wp-json\/wp\/v2\/product\/1003"}],"collection":[{"href":"https:\/\/www.wtfsales.com.ar\/productos\/index.php\/wp-json\/wp\/v2\/product"}],"about":[{"href":"https:\/\/www.wtfsales.com.ar\/productos\/index.php\/wp-json\/wp\/v2\/types\/product"}],"replies":[{"embeddable":true,"href":"https:\/\/www.wtfsales.com.ar\/productos\/index.php\/wp-json\/wp\/v2\/comments?post=1003"}],"wp:featuredmedia":[{"embeddable":true,"href":"https:\/\/www.wtfsales.com.ar\/productos\/index.php\/wp-json\/wp\/v2\/media\/4033"}],"wp:attachment":[{"href":"https:\/\/www.wtfsales.com.ar\/productos\/index.php\/wp-json\/wp\/v2\/media?parent=1003"}],"wp:term":[{"taxonomy":"product_cat","embeddable":true,"href":"https:\/\/www.wtfsales.com.ar\/productos\/index.php\/wp-json\/wp\/v2\/product_cat?post=1003"},{"taxonomy":"product_tag","embeddable":true,"href":"https:\/\/www.wtfsales.com.ar\/productos\/index.php\/wp-json\/wp\/v2\/product_tag?post=1003"}],"curies":[{"name":"wp","href":"https:\/\/api.w.org\/{rel}","templated":true}]}}