{"id":1000,"date":"2016-08-17T11:54:25","date_gmt":"2016-08-17T11:54:25","guid":{"rendered":"http:\/\/new.wtfsales.com.ar\/productos\/?post_type=product&#038;p=1000"},"modified":"2022-02-21T19:19:29","modified_gmt":"2022-02-21T19:19:29","slug":"detective-nesquik-90","status":"publish","type":"product","link":"https:\/\/www.wtfsales.com.ar\/productos\/index.php\/producto\/detective-nesquik-90\/","title":{"rendered":"Detective Nesquik 90&#8242;"},"content":{"rendered":"<div>9 cm x 3 cm x 2 cm<\/div>\n<div><\/div>\n<div>Nesquik fue creado en la d\u00e9cada de 1950 como una mezcla de aroma de la leche. Como parte de una campa\u00f1a de marketing en el a\u00f1o 1973 Nestl\u00e9 presenta el conejo de dibujos animados que llevaba una \u00abQ\u00bb en su camisa. El conejito utilizaba una frase familiar para los que vieron los comerciales, \u00abEs tan rica y espesa, y el chocolate! Pero usted no puede tomar las cosas con calma si es Quik! \u00ab<\/div>\n<div><\/div>\n<div>En Europa y Canad\u00e1, se le conoc\u00eda como Quicky, el conejo de Nestl\u00e9. La marca en Europa se llama Nesquik desde sus inicios. Sin embargo, en Am\u00e9rica se llama Nestle Quik hasta 1999, cuando la marca fue cambiada a Nesquik, ya que ya estaba en Europa.<\/div>\n<div><\/div>\n<div>Con el cambio de nombre de marca, Quiky se convirti\u00f3 en el conejito de Nesquik. Para que coincida con el nuevo nombre, la \u00abQ\u00bb de su camisa fue cambiado a una \u00abN\u00bb.<\/div>\n<div><\/div>\n<div><\/div>\n<div>Nesquik conejito MascotThe nuevo lema para el conejito de Quik de Nestl\u00e9 es \u00abchocolate con leche, piensa Nesquik\u00bb. \u00c9l sigue siendo una parte muy popular de anuncios impresos y de televisi\u00f3n para Nesquik.<\/div>\n<p>&nbsp;<\/p>\n","protected":false},"excerpt":{"rendered":"<p>9 cm x 3 cm x 2 cm Nesquik fue creado en la d\u00e9cada de 1950 como una mezcla de aroma de la leche. Como parte de una campa\u00f1a de<\/p>\n","protected":false},"featured_media":4036,"comment_status":"open","ping_status":"closed","template":"","meta":[],"product_cat":[417,410],"product_tag":[171,150],"_links":{"self":[{"href":"https:\/\/www.wtfsales.com.ar\/productos\/index.php\/wp-json\/wp\/v2\/product\/1000"}],"collection":[{"href":"https:\/\/www.wtfsales.com.ar\/productos\/index.php\/wp-json\/wp\/v2\/product"}],"about":[{"href":"https:\/\/www.wtfsales.com.ar\/productos\/index.php\/wp-json\/wp\/v2\/types\/product"}],"replies":[{"embeddable":true,"href":"https:\/\/www.wtfsales.com.ar\/productos\/index.php\/wp-json\/wp\/v2\/comments?post=1000"}],"wp:featuredmedia":[{"embeddable":true,"href":"https:\/\/www.wtfsales.com.ar\/productos\/index.php\/wp-json\/wp\/v2\/media\/4036"}],"wp:attachment":[{"href":"https:\/\/www.wtfsales.com.ar\/productos\/index.php\/wp-json\/wp\/v2\/media?parent=1000"}],"wp:term":[{"taxonomy":"product_cat","embeddable":true,"href":"https:\/\/www.wtfsales.com.ar\/productos\/index.php\/wp-json\/wp\/v2\/product_cat?post=1000"},{"taxonomy":"product_tag","embeddable":true,"href":"https:\/\/www.wtfsales.com.ar\/productos\/index.php\/wp-json\/wp\/v2\/product_tag?post=1000"}],"curies":[{"name":"wp","href":"https:\/\/api.w.org\/{rel}","templated":true}]}}