{"id":2641,"date":"2017-07-14T14:04:20","date_gmt":"2017-07-14T14:04:20","guid":{"rendered":"https:\/\/demo2.transvelo.in\/multimarket\/?page_id=2641"},"modified":"2021-12-14T00:35:21","modified_gmt":"2021-12-14T00:35:21","slug":"metodosdeenvio","status":"publish","type":"page","link":"https:\/\/www.wtfsales.com.ar\/productos\/index.php\/metodosdeenvio\/","title":{"rendered":"Env\u00edos en Traslasierra y todo Argentina"},"content":{"rendered":"<section class=\"section terms-conditions\">\n<h2>Si viv\u00eds en Traslasierra tenes env\u00edos disponibles en moto o podes retirar por nuestra lugar<\/h2>\n<ol>\n<li>Podes retirar sin cargo a metros de la Plaza de Villa de las Rosas Traslasierra.<\/li>\n<li><span style=\"color: initial;\">Los env\u00edos dentro de Villa de las Rosas tienen un valor est\u00e1ndar de $400. Lo pagas al recibir el pedido.\u00a0<\/span><\/li>\n<li>Los env\u00edos a Villa Dolores se realizan dos veces a la semana y tienen un costo de $600. <span style=\"color: initial;\">Lo pagas al recibir el pedido.\u00a0<\/span><\/li>\n<\/ol>\n<h2>Si viv\u00eds en el resto de Argentina<\/h2>\n<ol>\n<li>Luego de realizar el pago, ponete en contacto para combinar el env\u00edo del producto a todo el pa\u00eds. Los env\u00edos se realizan por OCA o Correo Argentino. Los env\u00edos son a cargo del comprador a retirar por sucursal.<\/li>\n<\/ol>\n<h2>Si viv\u00eds fuera de Argentina<\/h2>\n<ol>\n<li>Contactanos antes de la compra por Whatsapp para ver si a tu regi\u00f3n se puede realizar el env\u00edo.<\/li>\n<\/ol>\n<\/section>\n","protected":false},"excerpt":{"rendered":"<p>Si viv\u00eds en Traslasierra tenes env\u00edos disponibles en moto o podes retirar por nuestra lugar Podes retirar sin cargo a metros de la Plaza de Villa de las Rosas Traslasierra.<\/p>\n","protected":false},"author":1,"featured_media":0,"parent":0,"menu_order":0,"comment_status":"closed","ping_status":"closed","template":"","meta":[],"_links":{"self":[{"href":"https:\/\/www.wtfsales.com.ar\/productos\/index.php\/wp-json\/wp\/v2\/pages\/2641"}],"collection":[{"href":"https:\/\/www.wtfsales.com.ar\/productos\/index.php\/wp-json\/wp\/v2\/pages"}],"about":[{"href":"https:\/\/www.wtfsales.com.ar\/productos\/index.php\/wp-json\/wp\/v2\/types\/page"}],"author":[{"embeddable":true,"href":"https:\/\/www.wtfsales.com.ar\/productos\/index.php\/wp-json\/wp\/v2\/users\/1"}],"replies":[{"embeddable":true,"href":"https:\/\/www.wtfsales.com.ar\/productos\/index.php\/wp-json\/wp\/v2\/comments?post=2641"}],"version-history":[{"count":2,"href":"https:\/\/www.wtfsales.com.ar\/productos\/index.php\/wp-json\/wp\/v2\/pages\/2641\/revisions"}],"predecessor-version":[{"id":3528,"href":"https:\/\/www.wtfsales.com.ar\/productos\/index.php\/wp-json\/wp\/v2\/pages\/2641\/revisions\/3528"}],"wp:attachment":[{"href":"https:\/\/www.wtfsales.com.ar\/productos\/index.php\/wp-json\/wp\/v2\/media?parent=2641"}],"curies":[{"name":"wp","href":"https:\/\/api.w.org\/{rel}","templated":true}]}}