{"id":1303,"date":"2016-08-18T22:21:49","date_gmt":"2016-08-18T22:21:49","guid":{"rendered":"http:\/\/new.wtfsales.com.ar\/productos\/?page_id=1303"},"modified":"2021-12-13T22:24:39","modified_gmt":"2021-12-13T22:24:39","slug":"terminos-y-condiciones","status":"publish","type":"page","link":"https:\/\/www.wtfsales.com.ar\/productos\/index.php\/terminos-y-condiciones\/","title":{"rendered":"T\u00e9rminos y Condiciones"},"content":{"rendered":"<p>WTF SALES, a trav\u00e9s de nuestro sitio Web https:\/\/ www.wtfsales.com.ar\/productos en adelante el \u201cSitio\u201d, comunica a nuestros Clientes los t\u00e9rminos y condiciones que van a regir a los efectos de la utilizaci\u00f3n por \u00e9stos del Sitio (en adelante Usuario\/Cliente). Asimismo, se informa en el presente respecto de la pol\u00edtica de protecci\u00f3n de datos de car\u00e1cter personal (en adelante los \u201cDatos Personales\u201d) con el objeto que los Clientes Usuarios determinen en forma voluntaria si desean suministrar a WTF SALES sus datos personales en ocasi\u00f3n del uso del Sitio o compra de alguno de los productos ofrecidos por WTF SALES en el mismo.<\/p>\n<p>El Propietario y Operador del Sitio es WTF SALES La direcci\u00f3n postal del Sitio web es El Mistol 27 Villa de las Rosas C\u00f3rdoba.<\/p>\n<p>En funci\u00f3n de los expresado ut supra, se fija en el presente los t\u00e9rminos y condiciones a los efectos del uso por parte del Usuario Cliente del sitio www.wtfsales.com.ar\/productos<\/p>\n<p>1. El s\u00f3lo uso del Sitio implica la aceptaci\u00f3n irrevocable e incondicional por parte del Usuario\/Cliente de todos los t\u00e9rminos y condiciones fijados en el presente, asumiendo la obligaci\u00f3n de respetar las mismas.<\/p>\n<p>2. WTFSALES se reserva el derecho de realizar cambios en el Sitio, en las condiciones de uso y en las notificaciones que correspondieren, en cualquier momento, y con la simple modificaci\u00f3n del presente, comunic\u00e1ndolo a trav\u00e9s de publicaci\u00f3n en el Sitio. Asimismo, WTFSALES\u00a0se reserva el derecho en cualquier momento de interrumpir el servicio ofrecido, sin previo aviso a los Usuarios\/Clientes ,en forma transitoria o definitiva, y sin necesitar en ning\u00fan momento consentimiento del Usuario\/Cliente.<\/p>\n<p>3. En funci\u00f3n de lo expresado en el punto 2 del presente, cada vez que el Usuario \/Cliente desee utilizar el Sitio, deber\u00e1 aceptar a priori todos y cada uno de los t\u00e9rminos y condiciones especificados en el presente.<\/p>\n<p>4. Protecci\u00f3n de los Datos Personales: WTFSALES\u00a0ha implementado todos los procesos requeridos a los efectos de Protecci\u00f3n de los Datos Personales de los Usuarios\/Clientes, con el objeto de evitar el mal uso, alteraci\u00f3n, acceso no autorizado y\/o robo de los Datos Personales suministrados por el Usuario\/Cliente a WTFSALES.\u00a0Sin perjuicio de lo expresado en el presente, el Usuario\/Cliente acepta y reconoce que las medidas de seguridad en Internet no son inviolables. El Usuario\/Cliente que suministre sus datos personales tendr\u00e1 la posibilidad de ejercer su derecho de acceso a los mismos. Tambi\u00e9n podr\u00e1 rectificar los mismos, o solicitar el retiro de su nombre de la base de datos, ingresando a el Formulario de atenci\u00f3n al Cliente correspondiente y completando dicho Formulario. Toda informaci\u00f3n suministrada ser\u00e1 tratada por WTFSALES\u00a0conforme t\u00e9rminos previstos en la Ley Nacional de Protecci\u00f3n de Datos Personales N\u00aa 25.326.<\/p>\n<p>5. Mediante el uso del sitio el Usuario\/Cliente acepta los t\u00e9rminos y condiciones del presente y declara bajo juramento tener 18 a\u00f1os de edad o m\u00e1s. Los padres, tutores o responsables de los menores de 18 a\u00f1os, son plenamente responsables por el uso del Sitio por parte de \u00e9stos.<\/p>\n<p>6. Toda la informaci\u00f3n suministrada por el Usuario\/Cliente deber\u00e1 ser verdadera, siendo exclusiva responsabilidad del Usuario\/Cliente verificar que sus datos sean correctamente ingresados en el Sitio.<\/p>\n<p>7. Al utilizar el Sitio, el Usuario\/Cliente es responsable del cuidado de la confidencialidad de su cuenta y contrase\u00f1a. En funci\u00f3n de lo especificado en el presente, el Cliente\/ Usuario es responsable de todo lo que se registra en su cuenta.<\/p>\n<p>8. Indemnidad: Asimismo el Sitio s\u00f3lo se puede utilizar con fines l\u00edcitos. El Cliente\/Usuario se obliga a mantener indemne a WTFSALES\u00a0por cualquier tipo de reclamo, extrajudicial, administrativo o judicial, de cualquier tercero, por el uso del Sitio por parte del usuario\/Cliente, o en caso de verificarse multas y\/o deudas de cualquier tipo en funci\u00f3n del desempe\u00f1o o actividad realizada por el Usuario\/Cliente en el Sitio.<\/p>\n<p>9. Compra de Productos: la compra de cualquier producto o servicio publicado a trav\u00e9s del Sitio se encuentra sujeta a disponibilidad de stock, de la aprobaci\u00f3n de identidad del Usuario\/Cliente, de la imputaci\u00f3n correcta de la tarjeta de cr\u00e9dito o valores transferidos, como a la aprobaci\u00f3n por parte del Cliente Usuario de estos t\u00e9rminos y condiciones. Asimismo, podr\u00e1n variar las caracter\u00edsticas t\u00e9cnicas de los productos, los precios de los mismos, podr\u00e1n los precios no coincidir con los ofrecidos en otros sitios por WTFSALES. Las fotos o ilustraciones publicadas en el Sitio son al solo efecto ilustrativo y, la informaci\u00f3n de los productos, podr\u00e1 variar en caso de incorrecciones o equ\u00edvocos involuntarios.<\/p>\n<p>10. Proceso de compra: Sin perjuicio de encontrarse detallado el proceso de compra en el sitio http:\/\/www.wtfsales.com.ar\/productos, el mismo se detalla a continuaci\u00f3n:<\/p>\n<p>10.1. Se deja expresa constancia que WTFSALES\u00a0no se hace responsable por los reintegros que deban efectuar los Bancos emisores de tarjetas de cr\u00e9dito respecto de las promociones vigentes, siendo dichas entidades emisoras las \u00fanicas responsables de efectivizar en tiempo y forma el reintegro correspondiente.<\/p>\n<p>10.2. Una vez elegido el producto el Cliente deber\u00e1 presionar el bot\u00f3n comprar y ver\u00e1 en su carrito de compras los art\u00edculos que tiene cargados, pudiendo modificar la cantidad o eliminar los que desee.<\/p>\n<p>10.3. Aqu\u00ed el Cliente encontrar\u00e1 los distintos medios de pagos y promociones que est\u00e1n disponibles en la venta online.<\/p>\n<p>10.4. Si el cliente no se encuentra registrado podr\u00e1 comprar dejando su direcci\u00f3n de e-mail.<\/p>\n<p>10.5. Luego deber\u00e1 continuar con el proceso de compra.<\/p>\n<p>10.6. Las ventas online se realizan a los titulares de tarjetas de cr\u00e9dito con la que va a pagar, por lo que deber\u00e1 indicar el nombre de la calle y el n\u00famero de puerta donde llega el resumen que ser\u00e1 validado, e indicar si recibe el titular u otra persona.<\/p>\n<p>10.7. podr\u00e1 ingresar su direcci\u00f3n de entrega y ver el costo de env\u00edos para el c\u00f3digo postal de entrega y conocer las fechas posibles de entrega.<\/p>\n<p>10.8. Luego deber\u00e1 confirmar o modificar los datos ingresados y las cuotas elegidas, para pasar a un servicio externo autorizado por su tarjeta para el pago y validaci\u00f3n de los datos, montos y plan de pago.<\/p>\n<p>10.9. WTFSALES podr\u00e1 contactar al Usuario\/Cliente v\u00eda telef\u00f3nica para realizar una validaci\u00f3n de datos, debiendo tener dicha l\u00ednea base en Argentina.<\/p>\n<p>10.10. El resultado de la operaci\u00f3n le ser\u00e1 informado, y las operaciones exitosas generar\u00e1n el comprobante v\u00eda correo electr\u00f3nico a su casilla de email de la registraci\u00f3n, como comprobante de la misma, con los datos para cualquier consulta o duda posterior a su compra.<\/p>\n<p>11. Precios: Todos los precios publicados en el Sitio son Finales. Se deja expresa constancia que los precios publicados en el Sitio podr\u00e1n sufrir modificaciones.<\/p>\n<p>12. Pago: Condiciones: El Sitio solo opera con tarjetas de cr\u00e9dito que podr\u00e1n variar y sus condiciones se informan en la p\u00e1gina de medios de pago correspondiente, como en el carro de compras.<\/p>\n<p>Una vez registrado el Usuario\/Cliente podr\u00e1 conocer los planes disponibles de cada entidad y prestadora autorizados por las mismas como por acuerdos con WTFSALES no valida ni opera con los establecimientos de tarjetas de cr\u00e9dito en forma directa, sino a trav\u00e9s de una pasarela de pago autorizadas por las mismas \u00a0que ofrece el servicio de validaci\u00f3n de tarjetas, identidad de titulares, c\u00f3digo de Seguridad, para el monto de compra que estare efectuando.<\/p>\n<p>WTFSALES\u00a0no recolecta ni almacena datos de su tarjeta de cr\u00e9dito, ni define el resultado de la operaci\u00f3n, siendo esto responsabilidad de cada entidad emisora.<\/p>\n<p>13. Entregas: Los m\u00e9todos y costos de env\u00edo que le brinda WTFSALES depender\u00e1n de la cantidad de productos y del lugar de entrega de los mismos. Una vez registrado podr\u00e1 conocer el costo de entrega de los productos seleccionados para una localidad y provincia de lugar de destino por medio del correo o transporte elegido. Las entregas se realizaran en la sucursal mas cercana que elija el cliente. Los domingos y d\u00edas festivos no se realizar\u00e1n entregas, por lo tanto para los plazos otorgados se deber\u00e1 tener en cuenta solo d\u00edas h\u00e1biles. Por razones de cuidado y seguridad para con nuestros clientes se realizara una validaci\u00f3n de datos. La fecha de entrega comenzar\u00e1 a correr a partir del resultado de dicha validaci\u00f3n. Se recomienda al Usuario\/Cliente revisar el producto que no tenga ralladuras o golpes producto del traslado, antes de firmar la conformidad de entrega. Asimismo, en el momento de la entrega del producto adquirido se solicitar\u00e1 a la persona receptora del producto un documento que identifique a la misma (Documento Nacional de Identidad o C\u00e9dula de Identidad). Asimismo el receptor deber\u00e1 suscribir el recibo con la aclaraci\u00f3n del nombre y documento.<\/p>\n<p>14. Cambios y devoluciones. El cambio de productos se acepta dentro de los 3 d\u00edas de recibida la mercader\u00eda. Es necesario que el producto este en perfectas condiciones, con accesorios y empaques originales.<\/p>\n<p>15. Se deja expresa constancia que el Usuario\/Cliente posee el derecho a revocar la aceptaci\u00f3n de la oferta que realice el Establecimiento, durante un plazo de 10 (diez) d\u00edas corridos, desde la entrega del bien o celebraci\u00f3n del contrato, lo \u00faltimo que ocurra, en los t\u00e9rminos del Art\u00edculo 34\u00ba de la Ley N\u00ba 24.240 y la Resoluci\u00f3n 906\/98 de la Secretar\u00eda de Industria, Comercio y Miner\u00eda.<\/p>\n<p>16. Derechos de Propiedad Intelectual: WTFSALES es una marca registrada y se encuentran todos los derechos reservados conforme a la ley 11.723.<\/p>\n<p>17. Legislaci\u00f3n aplicable: el presente es regido por las leyes de la Rep\u00fablica Argentina.<\/p>\n","protected":false},"excerpt":{"rendered":"<p>WTF SALES, a trav\u00e9s de nuestro sitio Web https:\/\/ www.wtfsales.com.ar\/productos en adelante el \u201cSitio\u201d, comunica a nuestros Clientes los t\u00e9rminos y condiciones que van a regir a los efectos de<\/p>\n","protected":false},"author":1,"featured_media":0,"parent":0,"menu_order":0,"comment_status":"open","ping_status":"open","template":"","meta":[],"_links":{"self":[{"href":"https:\/\/www.wtfsales.com.ar\/productos\/index.php\/wp-json\/wp\/v2\/pages\/1303"}],"collection":[{"href":"https:\/\/www.wtfsales.com.ar\/productos\/index.php\/wp-json\/wp\/v2\/pages"}],"about":[{"href":"https:\/\/www.wtfsales.com.ar\/productos\/index.php\/wp-json\/wp\/v2\/types\/page"}],"author":[{"embeddable":true,"href":"https:\/\/www.wtfsales.com.ar\/productos\/index.php\/wp-json\/wp\/v2\/users\/1"}],"replies":[{"embeddable":true,"href":"https:\/\/www.wtfsales.com.ar\/productos\/index.php\/wp-json\/wp\/v2\/comments?post=1303"}],"version-history":[{"count":2,"href":"https:\/\/www.wtfsales.com.ar\/productos\/index.php\/wp-json\/wp\/v2\/pages\/1303\/revisions"}],"predecessor-version":[{"id":3495,"href":"https:\/\/www.wtfsales.com.ar\/productos\/index.php\/wp-json\/wp\/v2\/pages\/1303\/revisions\/3495"}],"wp:attachment":[{"href":"https:\/\/www.wtfsales.com.ar\/productos\/index.php\/wp-json\/wp\/v2\/media?parent=1303"}],"curies":[{"name":"wp","href":"https:\/\/api.w.org\/{rel}","templated":true}]}}