{"id":1280,"date":"2016-08-18T01:08:58","date_gmt":"2016-08-18T01:08:58","guid":{"rendered":"http:\/\/new.wtfsales.com.ar\/productos\/?page_id=1280"},"modified":"2021-12-15T01:37:20","modified_gmt":"2021-12-15T01:37:20","slug":"como-comprar","status":"publish","type":"page","link":"https:\/\/www.wtfsales.com.ar\/productos\/index.php\/como-comprar\/","title":{"rendered":"\u00bfComo comprar?"},"content":{"rendered":"<section class=\"kc-elm kc-css-566505 kc_row\"><div class=\"kc-row-container  kc-container\"><div class=\"kc-wrap-columns\"><div class=\"kc-elm kc-css-773476 kc_col-sm-12 kc_column kc_col-sm-12\"><div class=\"kc-col-container\"><div class=\"kc-elm kc-css-104107 kc_text_block\"><\/p>\n<h3>Paso 1\u00a0<\/h3>\n<p>Selecciona el producto que te interesa y agr\u00e9galo al carrito de compras. Puedes agregar varios productos diferentes al carrito de compras.<\/p>\n<h3>Paso 2\u00a0<\/h3>\n<p>Una vez concluida la selecci\u00f3n de tus productos, lleva el carrito de compras a la caja oprimiendo el bot\u00f3n \u00abFinalizar Compra\u00bb<\/p>\n<h3>Paso 3\u00a0<\/h3>\n<p>En 3 pasos sencillos, te vamos a pedir datos m\u00ednimos de env\u00edo y facturaci\u00f3n, adem\u00e1s podes elegir tu modo de pago y forma de env\u00edo. Antes de confirmar tu pedido, podes revisar y modificar tus datos en el tercer y \u00faltimo paso.<\/p>\n<h3>Paso 4<\/h3>\n<p>Se realizar\u00e1 el cobro correspondiente en el medio de pago escogido y se enviar\u00e1 un correo de notificaci\u00f3n a tu correo electr\u00f3nico.<\/p>\n<h3>Informaci\u00f3n al cliente<\/h3>\n<p>La venta de cualquiera de los productos publicados est\u00e1 sujeta a la verificaci\u00f3n de stock.<\/p>\n<p>Los cambios y\/o devoluciones deber\u00e1n realizarse previo comunicaci\u00f3n por tel\u00e9fono al n\u00famero que figura en su comprobante de compra enviado por email donde se te brindar\u00e1 la informaci\u00f3n y la soluci\u00f3n m\u00e1s c\u00f3moda para tu conformidad.<\/p>\n<p>El cambio de un producto podr\u00e1s hacerlo dentro de las 48hs de recibida la mercader\u00eda, por otro de igual precio y de mismas caracter\u00edsticas,\u00a0<span style=\"font-style: inherit;\">bajo el costo de env\u00edo a cargo del comprador.<\/span><\/p>\n<div><span style=\"font-style: inherit;\">De solicitar un cambio de producto por otro, de diferente importe y\/o caracter\u00edsticas , deber\u00e1s solicitar primero la devoluci\u00f3n y luego deber\u00e1s realizar nuevamente la compra.<\/span><\/div>\n<p><span style=\"font-style: inherit;\">Es necesario que el producto est\u00e9 en perfectas condiciones, con accesorios y empaques originales. Los productos que son de uso personal o requieren instalaci\u00f3n no tienen devoluci\u00f3n una vez usados o instalados.<\/span><\/p>\n<p>No se aceptar\u00e1n reclamos por da\u00f1os est\u00e9ticos y\/o faltantes una vez entregado el producto.<\/p>\n<p>\n<\/div><\/div><\/div><\/div><\/div><\/section>\n","protected":false},"excerpt":{"rendered":"","protected":false},"author":1,"featured_media":0,"parent":0,"menu_order":0,"comment_status":"open","ping_status":"open","template":"","meta":[],"_links":{"self":[{"href":"https:\/\/www.wtfsales.com.ar\/productos\/index.php\/wp-json\/wp\/v2\/pages\/1280"}],"collection":[{"href":"https:\/\/www.wtfsales.com.ar\/productos\/index.php\/wp-json\/wp\/v2\/pages"}],"about":[{"href":"https:\/\/www.wtfsales.com.ar\/productos\/index.php\/wp-json\/wp\/v2\/types\/page"}],"author":[{"embeddable":true,"href":"https:\/\/www.wtfsales.com.ar\/productos\/index.php\/wp-json\/wp\/v2\/users\/1"}],"replies":[{"embeddable":true,"href":"https:\/\/www.wtfsales.com.ar\/productos\/index.php\/wp-json\/wp\/v2\/comments?post=1280"}],"version-history":[{"count":15,"href":"https:\/\/www.wtfsales.com.ar\/productos\/index.php\/wp-json\/wp\/v2\/pages\/1280\/revisions"}],"predecessor-version":[{"id":3547,"href":"https:\/\/www.wtfsales.com.ar\/productos\/index.php\/wp-json\/wp\/v2\/pages\/1280\/revisions\/3547"}],"wp:attachment":[{"href":"https:\/\/www.wtfsales.com.ar\/productos\/index.php\/wp-json\/wp\/v2\/media?parent=1280"}],"curies":[{"name":"wp","href":"https:\/\/api.w.org\/{rel}","templated":true}]}}